{"id":1622,"date":"2020-03-28T11:28:45","date_gmt":"2020-03-28T11:28:45","guid":{"rendered":"http:\/\/jugendhilfe-team.de\/?page_id=1622"},"modified":"2020-04-16T12:31:17","modified_gmt":"2020-04-16T12:31:17","slug":"ruediger-kakies","status":"publish","type":"page","link":"https:\/\/jugendhilfe-team.de\/?page_id=1622","title":{"rendered":"R\u00fcdiger Kakies"},"content":{"rendered":"<p>[et_pb_section fb_built=&#8220;1&#8243; fullwidth=&#8220;on&#8220; _builder_version=&#8220;4.4.2&#8243;][et_pb_fullwidth_image src=&#8220;https:\/\/jugendhilfe-team.de\/wp-content\/uploads\/2020\/03\/Divi_Divider.png&#8220; _builder_version=&#8220;4.4.2&#8243;][\/et_pb_fullwidth_image][\/et_pb_section][et_pb_section fb_built=&#8220;1&#8243; _builder_version=&#8220;4.4.2&#8243; custom_padding=&#8220;10px||10px||false|false&#8220;][et_pb_row column_structure=&#8220;1_2,1_2&#8243; _builder_version=&#8220;4.4.2&#8243; min_height=&#8220;1307px&#8220; custom_margin=&#8220;|auto||298px||&#8220;][et_pb_column type=&#8220;1_2&#8243; _builder_version=&#8220;4.4.2&#8243;][et_pb_text _builder_version=&#8220;4.4.2&#8243; hover_enabled=&#8220;0&#8243;]<\/p>\n<h1><strong>R\u00fcdiger Kakies<\/strong><\/h1>\n<h5>*1966<\/h5>\n<p><strong><\/strong><\/p>\n<p><strong><\/strong><\/p>\n<ul>\n<li>\n<h4>Dipl. Sozialarbeiter<\/h4>\n<\/li>\n<li>\n<h4>Dipl. P\u00e4dagoge<\/h4>\n<\/li>\n<li>\n<h4>Mediator<\/h4>\n<\/li>\n<li>\n<h4>Systemischer Familientherapeut<\/h4>\n<\/li>\n<li>\n<h4>seit 2003 beim Diakoniewerk Essen<\/h4>\n<\/li>\n<li>\n<h4>gemeinn\u00fctzige Jugend- und Familienhilfe GmbH, station\u00e4re Jugendhilfe<\/h4>\n<\/li>\n<li>\n<h4>seit 2007 Mitarbeit im Jugendhilfe-Team Wuppertal<\/h4>\n<\/li>\n<li>\n<h4>seit 2018 Gesellschafter des Jugendhilfe-Teams Wuppertal<\/h4>\n<\/li>\n<\/ul>\n<p>[\/et_pb_text][et_pb_text _builder_version=&#8220;4.4.2&#8243; text_font=&#8220;|600|||||||&#8220; text_font_size=&#8220;19px&#8220; text_line_height=&#8220;2.4em&#8220; header_font=&#8220;Caveat||||||||&#8220; header_3_font=&#8220;Caveat|700|||||||&#8220; header_3_font_size=&#8220;33px&#8220; hover_enabled=&#8220;0&#8243;]<\/p>\n<p>Mein Motto<\/p>\n<h3><strong>In der Ruhe liegt die Kraft<\/strong><\/h3>\n<h3><strong><\/strong><\/h3>\n<p>Ich bin Spezialist f\u00fcr<\/p>\n<h3><strong>Neue Wege<\/strong>\u00a0<\/h3>\n<h3><\/h3>\n<p>Mein besonderes Kennzeichen<\/p>\n<h3><strong>Grelle Farben<\/strong><\/h3>\n<h3><\/h3>\n<p>Mein wichtigstes Equipment<\/p>\n<h3><strong>Mein Kolbenf\u00fcller<\/strong><\/h3>\n<h3><\/h3>\n<p>Ambulante Erziehungshilfe bedeutet f\u00fcr mich<\/p>\n<h3><strong>Die Begleitung und Unterst\u00fctzung von Kindern, Jugendlichen und Familien in belastenden Lebenssituationen.<\/strong><\/h3>\n<p><strong><\/strong><\/p>\n<p>[\/et_pb_text][\/et_pb_column][et_pb_column type=&#8220;1_2&#8243; _builder_version=&#8220;4.4.2&#8243;][et_pb_image src=&#8220;https:\/\/jugendhilfe-team.de\/wp-content\/uploads\/2020\/02\/R\u00fcdiger.png&#8220; _builder_version=&#8220;4.4.2&#8243; height=&#8220;888px&#8220; custom_margin=&#8220;0px||||false|false&#8220; custom_padding=&#8220;0px||||false|false&#8220;][\/et_pb_image][\/et_pb_column][\/et_pb_row][\/et_pb_section][et_pb_section fb_built=&#8220;1&#8243; fullwidth=&#8220;on&#8220; _builder_version=&#8220;4.4.2&#8243;][et_pb_fullwidth_image src=&#8220;https:\/\/jugendhilfe-team.de\/wp-content\/uploads\/2020\/03\/Divi_Divider.png&#8220; _builder_version=&#8220;4.4.2&#8243;][\/et_pb_fullwidth_image][\/et_pb_section]<\/p>\n","protected":false},"excerpt":{"rendered":"<p>R\u00fcdiger Kakies *1966 Dipl. Sozialarbeiter Dipl. P\u00e4dagoge Mediator Systemischer Familientherapeut seit 2003 beim Diakoniewerk Essen gemeinn\u00fctzige Jugend- und Familienhilfe GmbH, station\u00e4re Jugendhilfe seit 2007 Mitarbeit im Jugendhilfe-Team Wuppertal seit 2018 Gesellschafter des Jugendhilfe-Teams Wuppertal Mein Motto In der Ruhe liegt die Kraft Ich bin Spezialist f\u00fcr Neue Wege\u00a0 Mein besonderes Kennzeichen Grelle Farben Mein wichtigstes [&hellip;]<\/p>\n","protected":false},"author":1,"featured_media":0,"parent":0,"menu_order":0,"comment_status":"closed","ping_status":"closed","template":"","meta":{"_et_pb_use_builder":"on","_et_pb_old_content":"","_et_gb_content_width":"","footnotes":""},"class_list":["post-1622","page","type-page","status-publish","hentry"],"_links":{"self":[{"href":"https:\/\/jugendhilfe-team.de\/index.php?rest_route=\/wp\/v2\/pages\/1622","targetHints":{"allow":["GET"]}}],"collection":[{"href":"https:\/\/jugendhilfe-team.de\/index.php?rest_route=\/wp\/v2\/pages"}],"about":[{"href":"https:\/\/jugendhilfe-team.de\/index.php?rest_route=\/wp\/v2\/types\/page"}],"author":[{"embeddable":true,"href":"https:\/\/jugendhilfe-team.de\/index.php?rest_route=\/wp\/v2\/users\/1"}],"replies":[{"embeddable":true,"href":"https:\/\/jugendhilfe-team.de\/index.php?rest_route=%2Fwp%2Fv2%2Fcomments&post=1622"}],"version-history":[{"count":0,"href":"https:\/\/jugendhilfe-team.de\/index.php?rest_route=\/wp\/v2\/pages\/1622\/revisions"}],"wp:attachment":[{"href":"https:\/\/jugendhilfe-team.de\/index.php?rest_route=%2Fwp%2Fv2%2Fmedia&parent=1622"}],"curies":[{"name":"wp","href":"https:\/\/api.w.org\/{rel}","templated":true}]}}