{"id":1659,"date":"2020-03-28T12:30:05","date_gmt":"2020-03-28T12:30:05","guid":{"rendered":"http:\/\/jugendhilfe-team.de\/?page_id=1659"},"modified":"2020-05-14T17:59:22","modified_gmt":"2020-05-14T17:59:22","slug":"ambulante-flexible-erziehungshilfe","status":"publish","type":"page","link":"https:\/\/jugendhilfe-team.de\/?page_id=1659","title":{"rendered":"Ambulante, flexible Erziehungshilfe"},"content":{"rendered":"<p>[et_pb_section fb_built=&#8220;1&#8243; _builder_version=&#8220;4.4.2&#8243; custom_padding=&#8220;10px||10px||false|false&#8220;][et_pb_row column_structure=&#8220;1_4,1_4,1_4,1_4&#8243; _builder_version=&#8220;4.4.2&#8243; width=&#8220;100%&#8220; max_width=&#8220;2560px&#8220; custom_margin=&#8220;-506px|auto||auto||&#8220; custom_padding=&#8220;|0px||0px|false|false&#8220;][et_pb_column type=&#8220;1_4&#8243; _builder_version=&#8220;4.4.2&#8243; custom_padding=&#8220;0px|0px|0px|0px|false|false&#8220;][et_pb_divider color=&#8220;#dd45e8&#8243; divider_weight=&#8220;11px&#8220; _builder_version=&#8220;4.4.2&#8243; custom_margin=&#8220;0px|0px|0px|0px|false|false&#8220; custom_padding=&#8220;0px|0px|0px|0px|false|false&#8220;][\/et_pb_divider][\/et_pb_column][et_pb_column type=&#8220;1_4&#8243; _builder_version=&#8220;4.4.2&#8243; custom_padding=&#8220;0px|0px|0px|0px|false|false&#8220;][et_pb_divider color=&#8220;#279cea&#8220; divider_weight=&#8220;12px&#8220; _builder_version=&#8220;4.4.2&#8243; custom_margin=&#8220;0px|0px|0px|0px|false|false&#8220; custom_padding=&#8220;0px|0px|0px|0px|false|false&#8220;][\/et_pb_divider][\/et_pb_column][et_pb_column type=&#8220;1_4&#8243; _builder_version=&#8220;4.4.2&#8243; custom_padding=&#8220;0px|0px|0px|0px|false|false&#8220;][et_pb_divider color=&#8220;#ef7a21&#8243; divider_weight=&#8220;12px&#8220; _builder_version=&#8220;4.4.2&#8243; custom_margin=&#8220;0px|0px|0px|0px|false|false&#8220; custom_padding=&#8220;0px|0px|0px|0px|false|false&#8220;][\/et_pb_divider][\/et_pb_column][et_pb_column type=&#8220;1_4&#8243; _builder_version=&#8220;4.4.2&#8243; custom_padding=&#8220;0px|0px|0px|0px|false|false&#8220;][et_pb_divider color=&#8220;#e02323&#8243; divider_weight=&#8220;12px&#8220; _builder_version=&#8220;4.4.2&#8243; custom_margin=&#8220;0px|0px|0px|0px|false|false&#8220; custom_padding=&#8220;0px|0px|0px|0px|false|false&#8220;][\/et_pb_divider][\/et_pb_column][\/et_pb_row][\/et_pb_section][et_pb_section fb_built=&#8220;1&#8243; fullwidth=&#8220;on&#8220; _builder_version=&#8220;4.4.2&#8243; custom_padding=&#8220;||||false|false&#8220;][et_pb_fullwidth_slider use_bg_overlay=&#8220;on&#8220; _builder_version=&#8220;4.4.3&#8243; background_color=&#8220;#ffffff&#8220; max_height=&#8220;400px&#8220; custom_padding=&#8220;||341px|||&#8220; auto=&#8220;on&#8220; hover_enabled=&#8220;0&#8243; border_radii_image=&#8220;off|||10px|&#8220;][et_pb_slide _builder_version=&#8220;4.4.3&#8243; background_image=&#8220;https:\/\/jugendhilfe-team.de\/wp-content\/uploads\/2020\/04\/Depositphotos_200768660_ds_AS.jpg&#8220; background_enable_image=&#8220;on&#8220; hover_enabled=&#8220;0&#8243; use_bg_overlay=&#8220;off&#8220;][\/et_pb_slide][\/et_pb_fullwidth_slider][\/et_pb_section][et_pb_section fb_built=&#8220;1&#8243; fullwidth=&#8220;on&#8220; _builder_version=&#8220;4.4.2&#8243;][et_pb_fullwidth_image src=&#8220;https:\/\/jugendhilfe-team.de\/wp-content\/uploads\/2020\/03\/Divi_Divider.png&#8220; _builder_version=&#8220;4.4.2&#8243;][\/et_pb_fullwidth_image][\/et_pb_section][et_pb_section fb_built=&#8220;1&#8243; _builder_version=&#8220;4.4.2&#8243; custom_padding=&#8220;10px||10px||false|false&#8220;][et_pb_row column_structure=&#8220;1_4,3_4&#8243; _builder_version=&#8220;4.4.2&#8243; custom_margin=&#8220;|||30px|false|false&#8220;][et_pb_column type=&#8220;1_4&#8243; _builder_version=&#8220;4.4.2&#8243;][et_pb_image src=&#8220;https:\/\/jugendhilfe-team.de\/wp-content\/uploads\/2020\/03\/Systemische_Beratung_Symbol.png&#8220; force_fullwidth=&#8220;on&#8220; _builder_version=&#8220;4.4.2&#8243; custom_padding=&#8220;0px||||false|false&#8220;][\/et_pb_image][\/et_pb_column][et_pb_column type=&#8220;3_4&#8243; _builder_version=&#8220;4.4.2&#8243;][et_pb_text _builder_version=&#8220;4.4.2&#8243; header_font=&#8220;Caveat||||||||&#8220; header_font_size=&#8220;40px&#8220;]<\/p>\n<h1>Ambulante, flexible Erziehungshilfe<\/h1>\n<p>Beratung und Begleitung von Kindern und Jugendlichen, Eltern und famili\u00e4ren Systemen vereint sich im Begriff der ambulanten, flexiblen Erziehungshilfe. Je nach Situation der Familie bieten wir folgende Betreuungssettings (gem. \u00a7\u00a7 27 ff SGB VIII) an:<\/p>\n<ul>\n<li><strong>Flexible Erziehungshilfe<\/strong><\/li>\n<li><strong>Sozialp\u00e4dagogische Familienhilfe<\/strong><\/li>\n<li><strong>Clearing<\/strong><\/li>\n<li><strong>FLAKS (flankierende Krisenintervention)<\/strong><\/li>\n<li><strong>Verselbstst\u00e4ndigung<\/strong><\/li>\n<li><strong>R\u00fcckf\u00fchrungsbegleitung<\/strong><\/li>\n<\/ul>\n<p><span>Welche Form f\u00fcr ein System passend ist, wird meist im Rahmen der Hilfeplanung mit allen Beteiligten vereinbart.<\/span><\/p>\n<p><span>Ausgestaltet wird der Hilfeprozess, immer gemessen an den individuellen Bed\u00fcrfnissen der Familien, unter anderem durch:<\/span><\/p>\n<ul>\n<li><strong>Aufbau einer belastbaren und vertrauensvollen Arbeitsbeziehung;<\/strong><\/li>\n<li><strong>Unterst\u00fctzung bei der Kl\u00e4rung und Bearbeitung famili\u00e4rer Problemlagen;<\/strong><\/li>\n<li><strong>Priorisierung der famili\u00e4ren Themen;<\/strong><\/li>\n<li><strong>Hilfe zur Selbsthilfe;<\/strong><\/li>\n<li><strong>St\u00e4rkung der Erziehungskompetenzen;<\/strong><\/li>\n<li><strong>Partizipation von Kindern, Jugendlichen, Eltern und weiteren Angeh\u00f6rigen;<\/strong><\/li>\n<li><strong>Kritische Auseinandersetzung mit gesellschaftlichen Themen;<\/strong><\/li>\n<li><strong>Kooperation und Vernetzung mit anderen quartiers- und bed\u00fcrfnisbezogenen Hilfen und Angeboten;<\/strong><\/li>\n<li><strong>Kontrollierte Losl\u00f6sung bei anstehender Beendigung der Hilfe oder einem Wechsel der Hilfeform.<\/strong><\/li>\n<\/ul>\n<p><span>Eines der wichtigsten Ziele ist die bestm\u00f6gliche Entwicklung junger Menschen hin zu selbstverantwortlichen und zufriedenen Erwachsenen.<\/span><\/p>\n<p><span>Finanziert werden die Beratung und die Begleitung in den meisten F\u00e4llen durch das \u00f6rtlich zust\u00e4ndige Jugendamt. Die Inanspruchnahme als Selbstzahler*in ist m\u00f6glich.<\/span><\/p>\n<p>[\/et_pb_text][\/et_pb_column][\/et_pb_row][\/et_pb_section][et_pb_section fb_built=&#8220;1&#8243; fullwidth=&#8220;on&#8220; _builder_version=&#8220;4.4.2&#8243;][et_pb_fullwidth_image src=&#8220;https:\/\/jugendhilfe-team.de\/wp-content\/uploads\/2020\/03\/Divi_Divider.png&#8220; _builder_version=&#8220;4.4.2&#8243;][\/et_pb_fullwidth_image][\/et_pb_section]<\/p>\n","protected":false},"excerpt":{"rendered":"<p>Ambulante, flexible Erziehungshilfe Beratung und Begleitung von Kindern und Jugendlichen, Eltern und famili\u00e4ren Systemen vereint sich im Begriff der ambulanten, flexiblen Erziehungshilfe. Je nach Situation der Familie bieten wir folgende Betreuungssettings (gem. \u00a7\u00a7 27 ff SGB VIII) an: Flexible Erziehungshilfe Sozialp\u00e4dagogische Familienhilfe Clearing FLAKS (flankierende Krisenintervention) Verselbstst\u00e4ndigung R\u00fcckf\u00fchrungsbegleitung Welche Form f\u00fcr ein System passend ist, [&hellip;]<\/p>\n","protected":false},"author":1,"featured_media":0,"parent":0,"menu_order":0,"comment_status":"closed","ping_status":"closed","template":"","meta":{"_et_pb_use_builder":"on","_et_pb_old_content":"","_et_gb_content_width":"","footnotes":""},"class_list":["post-1659","page","type-page","status-publish","hentry"],"_links":{"self":[{"href":"https:\/\/jugendhilfe-team.de\/index.php?rest_route=\/wp\/v2\/pages\/1659","targetHints":{"allow":["GET"]}}],"collection":[{"href":"https:\/\/jugendhilfe-team.de\/index.php?rest_route=\/wp\/v2\/pages"}],"about":[{"href":"https:\/\/jugendhilfe-team.de\/index.php?rest_route=\/wp\/v2\/types\/page"}],"author":[{"embeddable":true,"href":"https:\/\/jugendhilfe-team.de\/index.php?rest_route=\/wp\/v2\/users\/1"}],"replies":[{"embeddable":true,"href":"https:\/\/jugendhilfe-team.de\/index.php?rest_route=%2Fwp%2Fv2%2Fcomments&post=1659"}],"version-history":[{"count":0,"href":"https:\/\/jugendhilfe-team.de\/index.php?rest_route=\/wp\/v2\/pages\/1659\/revisions"}],"wp:attachment":[{"href":"https:\/\/jugendhilfe-team.de\/index.php?rest_route=%2Fwp%2Fv2%2Fmedia&parent=1659"}],"curies":[{"name":"wp","href":"https:\/\/api.w.org\/{rel}","templated":true}]}}