{"id":1669,"date":"2020-03-28T12:36:29","date_gmt":"2020-03-28T12:36:29","guid":{"rendered":"http:\/\/jugendhilfe-team.de\/?page_id=1669"},"modified":"2020-03-30T12:23:41","modified_gmt":"2020-03-30T12:23:41","slug":"mediation","status":"publish","type":"page","link":"https:\/\/jugendhilfe-team.de\/?page_id=1669","title":{"rendered":"Mediation"},"content":{"rendered":"<p>[et_pb_section fb_built=&#8220;1&#8243; _builder_version=&#8220;4.4.2&#8243; custom_padding=&#8220;10px||10px||false|false&#8220;][et_pb_row column_structure=&#8220;1_4,1_4,1_4,1_4&#8243; _builder_version=&#8220;4.4.2&#8243; width=&#8220;100%&#8220; max_width=&#8220;2560px&#8220; custom_margin=&#8220;-506px|auto||auto||&#8220; custom_padding=&#8220;|0px||0px|false|false&#8220;][et_pb_column type=&#8220;1_4&#8243; _builder_version=&#8220;4.4.2&#8243; custom_padding=&#8220;0px|0px|0px|0px|false|false&#8220;][et_pb_divider color=&#8220;#dd45e8&#8243; divider_weight=&#8220;11px&#8220; _builder_version=&#8220;4.4.2&#8243; custom_margin=&#8220;0px|0px|0px|0px|false|false&#8220; custom_padding=&#8220;0px|0px|0px|0px|false|false&#8220;][\/et_pb_divider][\/et_pb_column][et_pb_column type=&#8220;1_4&#8243; _builder_version=&#8220;4.4.2&#8243; custom_padding=&#8220;0px|0px|0px|0px|false|false&#8220;][et_pb_divider color=&#8220;#279cea&#8220; divider_weight=&#8220;12px&#8220; _builder_version=&#8220;4.4.2&#8243; custom_margin=&#8220;0px|0px|0px|0px|false|false&#8220; custom_padding=&#8220;0px|0px|0px|0px|false|false&#8220;][\/et_pb_divider][\/et_pb_column][et_pb_column type=&#8220;1_4&#8243; _builder_version=&#8220;4.4.2&#8243; custom_padding=&#8220;0px|0px|0px|0px|false|false&#8220;][et_pb_divider color=&#8220;#ef7a21&#8243; divider_weight=&#8220;12px&#8220; _builder_version=&#8220;4.4.2&#8243; custom_margin=&#8220;0px|0px|0px|0px|false|false&#8220; custom_padding=&#8220;0px|0px|0px|0px|false|false&#8220;][\/et_pb_divider][\/et_pb_column][et_pb_column type=&#8220;1_4&#8243; _builder_version=&#8220;4.4.2&#8243; custom_padding=&#8220;0px|0px|0px|0px|false|false&#8220;][et_pb_divider color=&#8220;#e02323&#8243; divider_weight=&#8220;12px&#8220; _builder_version=&#8220;4.4.2&#8243; custom_margin=&#8220;0px|0px|0px|0px|false|false&#8220; custom_padding=&#8220;0px|0px|0px|0px|false|false&#8220;][\/et_pb_divider][\/et_pb_column][\/et_pb_row][\/et_pb_section][et_pb_section fb_built=&#8220;1&#8243; fullwidth=&#8220;on&#8220; _builder_version=&#8220;4.4.2&#8243; custom_padding=&#8220;||||false|false&#8220;][et_pb_fullwidth_slider use_bg_overlay=&#8220;on&#8220; _builder_version=&#8220;4.4.2&#8243; max_height=&#8220;400px&#8220; custom_padding=&#8220;||341px|||&#8220; auto=&#8220;on&#8220; border_radii_image=&#8220;off|||10px|&#8220;][et_pb_slide _builder_version=&#8220;4.4.2&#8243; background_image=&#8220;https:\/\/jugendhilfe-team.de\/wp-content\/uploads\/2020\/03\/Slider_14.jpg&#8220; background_enable_image=&#8220;on&#8220;][\/et_pb_slide][\/et_pb_fullwidth_slider][\/et_pb_section][et_pb_section fb_built=&#8220;1&#8243; fullwidth=&#8220;on&#8220; _builder_version=&#8220;4.4.2&#8243;][et_pb_fullwidth_image src=&#8220;https:\/\/jugendhilfe-team.de\/wp-content\/uploads\/2020\/03\/Divi_Divider.png&#8220; _builder_version=&#8220;4.4.2&#8243;][\/et_pb_fullwidth_image][\/et_pb_section][et_pb_section fb_built=&#8220;1&#8243; _builder_version=&#8220;4.4.2&#8243; custom_padding=&#8220;10px||10px||false|false&#8220;][et_pb_row column_structure=&#8220;1_4,3_4&#8243; _builder_version=&#8220;4.4.2&#8243; custom_margin=&#8220;|||30px|false|false&#8220;][et_pb_column type=&#8220;1_4&#8243; _builder_version=&#8220;4.4.2&#8243;][et_pb_image src=&#8220;https:\/\/jugendhilfe-team.de\/wp-content\/uploads\/2020\/03\/Mediation_Symbol.png&#8220; force_fullwidth=&#8220;on&#8220; _builder_version=&#8220;4.4.2&#8243; custom_padding=&#8220;0px||||false|false&#8220;][\/et_pb_image][\/et_pb_column][et_pb_column type=&#8220;3_4&#8243; _builder_version=&#8220;4.4.2&#8243;][et_pb_text _builder_version=&#8220;4.4.2&#8243; hover_enabled=&#8220;0&#8243; header_font=&#8220;Caveat||||||||&#8220; header_font_size=&#8220;40px&#8220;]<\/p>\n<h1>Mediation<\/h1>\n<p>\u00dcberall wo Menschen in Konflikte miteinander geraten k\u00f6nnen, kann die Mediation als konfliktschlichtende oder konfliktl\u00f6sende Methode zur Anwendung kommen. So zum Beispiel im Beruf oder in der Familie.<\/p>\n<p>In der flexiblen Erziehungshilfe geht es h\u00e4ufig um zerstrittene Eltern-, Gro\u00dfeltern- oder Eltern- Kind-Systeme. Erfolgreiche Mediation kann in vielen F\u00e4llen aufwendige gerichtliche Verfahren \u00fcberfl\u00fcssig machen. Die Mediation basiert auf wissenschaftlichen Erkenntnissen und bedient sich eines breiten Methodenspektrums. Dazu geh\u00f6rt u.a. das aktive Zuh\u00f6ren, Brainstorming oder Mindmapping. Die Teilnahme an einem Mediationsprozess erfolgt freiwillig. Der Mediationsprozess, der stets in mehreren Phasen verl\u00e4uft, wird von einem Mediator als \u00fcberparteiliche Vertrauensperson gesteuert und begleitet. Dabei bleiben die Konfliktparteien die Experten f\u00fcr ihre Konfliktl\u00f6sung. Der Mediator achtet auf die Einhaltung der Regeln innerhalb einer Mediation und arbeitet mit den Parteien die Konflikthaltungen und die sich dahinter verbergenden Motivationen und Emotionen der Parteien heraus. Die herausgearbeiteten Positionen, Motivationen und Emotionen werden im weiteren Verlauf offen und authentisch kommuniziert und f\u00fchren in einen Einigungsprozess, bei dem konkrete Ergebnisse auch vertraglich festgehalten werden k\u00f6nnen. Entsprechende L\u00f6sungen haben immer einen Win-win Charakter.<\/p>\n<p>[\/et_pb_text][\/et_pb_column][\/et_pb_row][\/et_pb_section][et_pb_section fb_built=&#8220;1&#8243; fullwidth=&#8220;on&#8220; _builder_version=&#8220;4.4.2&#8243;][et_pb_fullwidth_image src=&#8220;https:\/\/jugendhilfe-team.de\/wp-content\/uploads\/2020\/03\/Divi_Divider.png&#8220; _builder_version=&#8220;4.4.2&#8243;][\/et_pb_fullwidth_image][\/et_pb_section]<\/p>\n","protected":false},"excerpt":{"rendered":"<p>Mediation \u00dcberall wo Menschen in Konflikte miteinander geraten k\u00f6nnen, kann die Mediation als konfliktschlichtende oder konfliktl\u00f6sende Methode zur Anwendung kommen. So zum Beispiel im Beruf oder in der Familie. In der flexiblen Erziehungshilfe geht es h\u00e4ufig um zerstrittene Eltern-, Gro\u00dfeltern- oder Eltern- Kind-Systeme. Erfolgreiche Mediation kann in vielen F\u00e4llen aufwendige gerichtliche Verfahren \u00fcberfl\u00fcssig machen. Die [&hellip;]<\/p>\n","protected":false},"author":1,"featured_media":0,"parent":0,"menu_order":0,"comment_status":"closed","ping_status":"closed","template":"","meta":{"_et_pb_use_builder":"on","_et_pb_old_content":"","_et_gb_content_width":"","footnotes":""},"class_list":["post-1669","page","type-page","status-publish","hentry"],"_links":{"self":[{"href":"https:\/\/jugendhilfe-team.de\/index.php?rest_route=\/wp\/v2\/pages\/1669","targetHints":{"allow":["GET"]}}],"collection":[{"href":"https:\/\/jugendhilfe-team.de\/index.php?rest_route=\/wp\/v2\/pages"}],"about":[{"href":"https:\/\/jugendhilfe-team.de\/index.php?rest_route=\/wp\/v2\/types\/page"}],"author":[{"embeddable":true,"href":"https:\/\/jugendhilfe-team.de\/index.php?rest_route=\/wp\/v2\/users\/1"}],"replies":[{"embeddable":true,"href":"https:\/\/jugendhilfe-team.de\/index.php?rest_route=%2Fwp%2Fv2%2Fcomments&post=1669"}],"version-history":[{"count":0,"href":"https:\/\/jugendhilfe-team.de\/index.php?rest_route=\/wp\/v2\/pages\/1669\/revisions"}],"wp:attachment":[{"href":"https:\/\/jugendhilfe-team.de\/index.php?rest_route=%2Fwp%2Fv2%2Fmedia&parent=1669"}],"curies":[{"name":"wp","href":"https:\/\/api.w.org\/{rel}","templated":true}]}}