{"id":1676,"date":"2020-03-28T12:42:04","date_gmt":"2020-03-28T12:42:04","guid":{"rendered":"http:\/\/jugendhilfe-team.de\/?page_id=1676"},"modified":"2020-03-30T12:24:21","modified_gmt":"2020-03-30T12:24:21","slug":"naturpaedagogik","status":"publish","type":"page","link":"https:\/\/jugendhilfe-team.de\/?page_id=1676","title":{"rendered":"Naturp\u00e4dagogik"},"content":{"rendered":"<p>[et_pb_section fb_built=&#8220;1&#8243; _builder_version=&#8220;4.4.2&#8243; custom_padding=&#8220;10px||10px||false|false&#8220;][et_pb_row column_structure=&#8220;1_4,1_4,1_4,1_4&#8243; _builder_version=&#8220;4.4.2&#8243; width=&#8220;100%&#8220; max_width=&#8220;2560px&#8220; custom_margin=&#8220;-506px|auto||auto||&#8220; custom_padding=&#8220;|0px||0px|false|false&#8220;][et_pb_column type=&#8220;1_4&#8243; _builder_version=&#8220;4.4.2&#8243; custom_padding=&#8220;0px|0px|0px|0px|false|false&#8220;][et_pb_divider color=&#8220;#dd45e8&#8243; divider_weight=&#8220;11px&#8220; _builder_version=&#8220;4.4.2&#8243; custom_margin=&#8220;0px|0px|0px|0px|false|false&#8220; custom_padding=&#8220;0px|0px|0px|0px|false|false&#8220;][\/et_pb_divider][\/et_pb_column][et_pb_column type=&#8220;1_4&#8243; _builder_version=&#8220;4.4.2&#8243; custom_padding=&#8220;0px|0px|0px|0px|false|false&#8220;][et_pb_divider color=&#8220;#279cea&#8220; divider_weight=&#8220;12px&#8220; _builder_version=&#8220;4.4.2&#8243; custom_margin=&#8220;0px|0px|0px|0px|false|false&#8220; custom_padding=&#8220;0px|0px|0px|0px|false|false&#8220;][\/et_pb_divider][\/et_pb_column][et_pb_column type=&#8220;1_4&#8243; _builder_version=&#8220;4.4.2&#8243; custom_padding=&#8220;0px|0px|0px|0px|false|false&#8220;][et_pb_divider color=&#8220;#ef7a21&#8243; divider_weight=&#8220;12px&#8220; _builder_version=&#8220;4.4.2&#8243; custom_margin=&#8220;0px|0px|0px|0px|false|false&#8220; custom_padding=&#8220;0px|0px|0px|0px|false|false&#8220;][\/et_pb_divider][\/et_pb_column][et_pb_column type=&#8220;1_4&#8243; _builder_version=&#8220;4.4.2&#8243; custom_padding=&#8220;0px|0px|0px|0px|false|false&#8220;][et_pb_divider color=&#8220;#e02323&#8243; divider_weight=&#8220;12px&#8220; _builder_version=&#8220;4.4.2&#8243; custom_margin=&#8220;0px|0px|0px|0px|false|false&#8220; custom_padding=&#8220;0px|0px|0px|0px|false|false&#8220;][\/et_pb_divider][\/et_pb_column][\/et_pb_row][\/et_pb_section][et_pb_section fb_built=&#8220;1&#8243; fullwidth=&#8220;on&#8220; _builder_version=&#8220;4.4.2&#8243; custom_padding=&#8220;||||false|false&#8220;][et_pb_fullwidth_slider use_bg_overlay=&#8220;on&#8220; _builder_version=&#8220;4.4.2&#8243; max_height=&#8220;400px&#8220; custom_padding=&#8220;||341px|||&#8220; auto=&#8220;on&#8220; border_radii_image=&#8220;off|||10px|&#8220;][et_pb_slide _builder_version=&#8220;4.4.2&#8243; background_image=&#8220;https:\/\/jugendhilfe-team.de\/wp-content\/uploads\/2020\/03\/Slider_05.jpg&#8220; background_enable_image=&#8220;on&#8220;][\/et_pb_slide][et_pb_slide _builder_version=&#8220;4.4.2&#8243; background_image=&#8220;https:\/\/jugendhilfe-team.de\/wp-content\/uploads\/2020\/03\/Slider_07.jpg&#8220; background_enable_image=&#8220;on&#8220;][\/et_pb_slide][et_pb_slide _builder_version=&#8220;4.4.2&#8243; background_image=&#8220;https:\/\/jugendhilfe-team.de\/wp-content\/uploads\/2020\/03\/Slider_03.jpg&#8220; background_enable_image=&#8220;on&#8220;][\/et_pb_slide][\/et_pb_fullwidth_slider][\/et_pb_section][et_pb_section fb_built=&#8220;1&#8243; fullwidth=&#8220;on&#8220; _builder_version=&#8220;4.4.2&#8243;][et_pb_fullwidth_image src=&#8220;https:\/\/jugendhilfe-team.de\/wp-content\/uploads\/2020\/03\/Divi_Divider.png&#8220; _builder_version=&#8220;4.4.2&#8243;][\/et_pb_fullwidth_image][\/et_pb_section][et_pb_section fb_built=&#8220;1&#8243; _builder_version=&#8220;4.4.2&#8243; custom_padding=&#8220;10px||10px||false|false&#8220;][et_pb_row column_structure=&#8220;1_4,3_4&#8243; _builder_version=&#8220;4.4.2&#8243; custom_margin=&#8220;|||30px|false|false&#8220;][et_pb_column type=&#8220;1_4&#8243; _builder_version=&#8220;4.4.2&#8243;][et_pb_image src=&#8220;https:\/\/jugendhilfe-team.de\/wp-content\/uploads\/2020\/03\/Naturpaedagogik_Symbol.png&#8220; force_fullwidth=&#8220;on&#8220; _builder_version=&#8220;4.4.2&#8243; custom_padding=&#8220;0px||||false|false&#8220;][\/et_pb_image][\/et_pb_column][et_pb_column type=&#8220;3_4&#8243; _builder_version=&#8220;4.4.2&#8243;][et_pb_text _builder_version=&#8220;4.4.2&#8243; hover_enabled=&#8220;0&#8243; header_2_font=&#8220;Caveat||||||||&#8220; header_2_font_size=&#8220;40px&#8220;]<\/p>\n<h2>Naturp\u00e4dagogik<\/h2>\n<p>Immer wieder erleben wir Menschen in unserer Arbeit, die die vielf\u00e4ltigen Anforderungen kaum mehr bedienen und aushalten k\u00f6nnen. Sie erleben sich in einem Kreislauf aus Aufgaben, Bed\u00fcrfnissen und Leistungsanforderungen. Diese Entwicklung der Rastlosigkeit macht leider auch vor Kindern und Jugendlichen nicht halt, die noch weniger als vielleicht Erwachsene, diesem Druck gewachsen sind.<\/p>\n<p>Naturp\u00e4dagogik bedeutet Zeit und Raum geben f\u00fcr die unmittelbare Begegnung, die R\u00fcckbesinnung zum Urspr\u00fcnglichen und das Erleben von Natur. Diese Erfahrungen werden durch vielf\u00e4ltige Methoden und Zugangsweisen gef\u00f6rdert. In der Begegnung mit der Natur lernt der Mensch sich selbst und anderen (wieder) achtsam und respektvoll zu begegnen, zu entspannen und Zugang zu seinen eigenen Emotionen und Ressourcen zu finden.<\/p>\n<p>Im Rahmen der flexiblen Erziehungshilfe kann die Naturp\u00e4dagogik helfen zur Ruhe zu kommen, die Sinneswahrnehmung zu sch\u00e4rfen und Problematiken zu sortieren und zu priorisieren. In verschiedenen Settings k\u00f6nnen sich dabei Geduld, Verst\u00e4ndnis f\u00fcreinander und Kreativit\u00e4t entwickeln.<\/p>\n<p>[\/et_pb_text][\/et_pb_column][\/et_pb_row][\/et_pb_section][et_pb_section fb_built=&#8220;1&#8243; fullwidth=&#8220;on&#8220; _builder_version=&#8220;4.4.2&#8243;][et_pb_fullwidth_image src=&#8220;https:\/\/jugendhilfe-team.de\/wp-content\/uploads\/2020\/03\/Divi_Divider.png&#8220; _builder_version=&#8220;4.4.2&#8243;][\/et_pb_fullwidth_image][\/et_pb_section]<\/p>\n","protected":false},"excerpt":{"rendered":"<p>Naturp\u00e4dagogik Immer wieder erleben wir Menschen in unserer Arbeit, die die vielf\u00e4ltigen Anforderungen kaum mehr bedienen und aushalten k\u00f6nnen. Sie erleben sich in einem Kreislauf aus Aufgaben, Bed\u00fcrfnissen und Leistungsanforderungen. Diese Entwicklung der Rastlosigkeit macht leider auch vor Kindern und Jugendlichen nicht halt, die noch weniger als vielleicht Erwachsene, diesem Druck gewachsen sind. Naturp\u00e4dagogik bedeutet [&hellip;]<\/p>\n","protected":false},"author":1,"featured_media":0,"parent":0,"menu_order":0,"comment_status":"closed","ping_status":"closed","template":"","meta":{"_et_pb_use_builder":"on","_et_pb_old_content":"","_et_gb_content_width":"","footnotes":""},"class_list":["post-1676","page","type-page","status-publish","hentry"],"_links":{"self":[{"href":"https:\/\/jugendhilfe-team.de\/index.php?rest_route=\/wp\/v2\/pages\/1676","targetHints":{"allow":["GET"]}}],"collection":[{"href":"https:\/\/jugendhilfe-team.de\/index.php?rest_route=\/wp\/v2\/pages"}],"about":[{"href":"https:\/\/jugendhilfe-team.de\/index.php?rest_route=\/wp\/v2\/types\/page"}],"author":[{"embeddable":true,"href":"https:\/\/jugendhilfe-team.de\/index.php?rest_route=\/wp\/v2\/users\/1"}],"replies":[{"embeddable":true,"href":"https:\/\/jugendhilfe-team.de\/index.php?rest_route=%2Fwp%2Fv2%2Fcomments&post=1676"}],"version-history":[{"count":0,"href":"https:\/\/jugendhilfe-team.de\/index.php?rest_route=\/wp\/v2\/pages\/1676\/revisions"}],"wp:attachment":[{"href":"https:\/\/jugendhilfe-team.de\/index.php?rest_route=%2Fwp%2Fv2%2Fmedia&parent=1676"}],"curies":[{"name":"wp","href":"https:\/\/api.w.org\/{rel}","templated":true}]}}