{"id":1681,"date":"2020-03-28T12:48:32","date_gmt":"2020-03-28T12:48:32","guid":{"rendered":"http:\/\/jugendhilfe-team.de\/?page_id=1681"},"modified":"2020-03-30T12:25:45","modified_gmt":"2020-03-30T12:25:45","slug":"systemische-beratung","status":"publish","type":"page","link":"https:\/\/jugendhilfe-team.de\/?page_id=1681","title":{"rendered":"Systemische Beratung"},"content":{"rendered":"<p>[et_pb_section fb_built=&#8220;1&#8243; _builder_version=&#8220;4.4.2&#8243; custom_padding=&#8220;10px||10px||false|false&#8220;][et_pb_row column_structure=&#8220;1_4,1_4,1_4,1_4&#8243; _builder_version=&#8220;4.4.2&#8243; width=&#8220;100%&#8220; max_width=&#8220;2560px&#8220; custom_margin=&#8220;-506px|auto||auto||&#8220; custom_padding=&#8220;|0px||0px|false|false&#8220;][et_pb_column type=&#8220;1_4&#8243; _builder_version=&#8220;4.4.2&#8243; custom_padding=&#8220;0px|0px|0px|0px|false|false&#8220;][et_pb_divider color=&#8220;#dd45e8&#8243; divider_weight=&#8220;11px&#8220; _builder_version=&#8220;4.4.2&#8243; custom_margin=&#8220;0px|0px|0px|0px|false|false&#8220; custom_padding=&#8220;0px|0px|0px|0px|false|false&#8220;][\/et_pb_divider][\/et_pb_column][et_pb_column type=&#8220;1_4&#8243; _builder_version=&#8220;4.4.2&#8243; custom_padding=&#8220;0px|0px|0px|0px|false|false&#8220;][et_pb_divider color=&#8220;#279cea&#8220; divider_weight=&#8220;12px&#8220; _builder_version=&#8220;4.4.2&#8243; custom_margin=&#8220;0px|0px|0px|0px|false|false&#8220; custom_padding=&#8220;0px|0px|0px|0px|false|false&#8220;][\/et_pb_divider][\/et_pb_column][et_pb_column type=&#8220;1_4&#8243; _builder_version=&#8220;4.4.2&#8243; custom_padding=&#8220;0px|0px|0px|0px|false|false&#8220;][et_pb_divider color=&#8220;#ef7a21&#8243; divider_weight=&#8220;12px&#8220; _builder_version=&#8220;4.4.2&#8243; custom_margin=&#8220;0px|0px|0px|0px|false|false&#8220; custom_padding=&#8220;0px|0px|0px|0px|false|false&#8220;][\/et_pb_divider][\/et_pb_column][et_pb_column type=&#8220;1_4&#8243; _builder_version=&#8220;4.4.2&#8243; custom_padding=&#8220;0px|0px|0px|0px|false|false&#8220;][et_pb_divider color=&#8220;#e02323&#8243; divider_weight=&#8220;12px&#8220; _builder_version=&#8220;4.4.2&#8243; custom_margin=&#8220;0px|0px|0px|0px|false|false&#8220; custom_padding=&#8220;0px|0px|0px|0px|false|false&#8220;][\/et_pb_divider][\/et_pb_column][\/et_pb_row][\/et_pb_section][et_pb_section fb_built=&#8220;1&#8243; fullwidth=&#8220;on&#8220; _builder_version=&#8220;4.4.2&#8243; custom_padding=&#8220;||||false|false&#8220;][et_pb_fullwidth_slider use_bg_overlay=&#8220;on&#8220; _builder_version=&#8220;4.4.2&#8243; max_height=&#8220;400px&#8220; custom_padding=&#8220;||341px|||&#8220; auto=&#8220;on&#8220; border_radii_image=&#8220;off|||10px|&#8220;][et_pb_slide _builder_version=&#8220;4.4.2&#8243; background_image=&#8220;https:\/\/jugendhilfe-team.de\/wp-content\/uploads\/2020\/03\/Hund_Knochen.png&#8220; background_enable_image=&#8220;on&#8220;][\/et_pb_slide][\/et_pb_fullwidth_slider][\/et_pb_section][et_pb_section fb_built=&#8220;1&#8243; fullwidth=&#8220;on&#8220; _builder_version=&#8220;4.4.2&#8243;][et_pb_fullwidth_image src=&#8220;https:\/\/jugendhilfe-team.de\/wp-content\/uploads\/2020\/03\/Divi_Divider.png&#8220; _builder_version=&#8220;4.4.2&#8243;][\/et_pb_fullwidth_image][\/et_pb_section][et_pb_section fb_built=&#8220;1&#8243; _builder_version=&#8220;4.4.2&#8243; custom_padding=&#8220;10px||10px||false|false&#8220;][et_pb_row column_structure=&#8220;1_4,3_4&#8243; _builder_version=&#8220;4.4.2&#8243; custom_margin=&#8220;|||30px|false|false&#8220;][et_pb_column type=&#8220;1_4&#8243; _builder_version=&#8220;4.4.2&#8243;][et_pb_image src=&#8220;https:\/\/jugendhilfe-team.de\/wp-content\/uploads\/2020\/03\/Syst_Familientherapie_Symbol.png&#8220; force_fullwidth=&#8220;on&#8220; _builder_version=&#8220;4.4.2&#8243; custom_padding=&#8220;0px||||false|false&#8220;][\/et_pb_image][\/et_pb_column][et_pb_column type=&#8220;3_4&#8243; _builder_version=&#8220;4.4.2&#8243;][et_pb_text _builder_version=&#8220;4.4.2&#8243; hover_enabled=&#8220;0&#8243; header_font=&#8220;Caveat||||||||&#8220; header_font_size=&#8220;40px&#8220;]<\/p>\n<h1>Systemische Beratung<\/h1>\n<p>Mit Hilfe dieses speziellen Beratungsansatz k\u00f6nnen allt\u00e4gliche Themen von Kindern, Jugendlichen, Erwachsenen, einzelnen Menschen, Paaren und Gruppen bearbeitet werden. Die Haltung, dass die L\u00f6sung eines jeden Problems schon in den Personen selber schlummert, erm\u00f6glicht den Menschen die Umsetzung in ihre Lebensrealit\u00e4t. Vorgaben aus der Biographie der beratenden Person werden vermieden, um den Menschen, die Beratung w\u00fcnschen, ihre eigenen Wege zu erm\u00f6glichen.<\/p>\n<p>Die L\u00f6sungen oder notwendigen Ver\u00e4nderungen werden in Gespr\u00e4chen, mit Hilfe unterschiedlicher Methoden erarbeitet. Die Menschen, die die Beratung in Anspruch nehmen, bestimmen hierbei das Tempo. Wir arbeiten mit den Informationen, die in Gespr\u00e4chen und \u00dcbungen thematisiert werden. Meist ist ein Blick in die Vergangenheit sinnvoll, um aktuelle Geschehnisse besser verstehen zu k\u00f6nnen. Diese \u00d6ffnung des Blicks erm\u00f6glicht den Menschen L\u00f6sungswege, die ihnen sonst verborgen geblieben w\u00e4ren und stellen einen Gesamtzusammenhang her, der nachvollziehbar ist.<\/p>\n<p>Insbesondere in der Arbeit mit Eltern ist es uns ein Anliegen, dass diese ihre Elternverantwortung weiterhin wahrnehmen und keine Bevormundung durch den\/ die Berater*in stattfindet.<\/p>\n<p>Wir integrieren die systemische Beratung in unseren Alltag mit den Familien, die durch das Jugendamt betreut werden, und bieten zus\u00e4tzlich Beratung f\u00fcr Selbstzahler*innen an.<\/p>\n<p>[\/et_pb_text][\/et_pb_column][\/et_pb_row][\/et_pb_section][et_pb_section fb_built=&#8220;1&#8243; fullwidth=&#8220;on&#8220; _builder_version=&#8220;4.4.2&#8243;][et_pb_fullwidth_image src=&#8220;https:\/\/jugendhilfe-team.de\/wp-content\/uploads\/2020\/03\/Divi_Divider.png&#8220; _builder_version=&#8220;4.4.2&#8243;][\/et_pb_fullwidth_image][\/et_pb_section]<\/p>\n","protected":false},"excerpt":{"rendered":"<p>Systemische Beratung Mit Hilfe dieses speziellen Beratungsansatz k\u00f6nnen allt\u00e4gliche Themen von Kindern, Jugendlichen, Erwachsenen, einzelnen Menschen, Paaren und Gruppen bearbeitet werden. Die Haltung, dass die L\u00f6sung eines jeden Problems schon in den Personen selber schlummert, erm\u00f6glicht den Menschen die Umsetzung in ihre Lebensrealit\u00e4t. Vorgaben aus der Biographie der beratenden Person werden vermieden, um den Menschen, [&hellip;]<\/p>\n","protected":false},"author":1,"featured_media":0,"parent":0,"menu_order":0,"comment_status":"closed","ping_status":"closed","template":"","meta":{"_et_pb_use_builder":"on","_et_pb_old_content":"","_et_gb_content_width":"","footnotes":""},"class_list":["post-1681","page","type-page","status-publish","hentry"],"_links":{"self":[{"href":"https:\/\/jugendhilfe-team.de\/index.php?rest_route=\/wp\/v2\/pages\/1681","targetHints":{"allow":["GET"]}}],"collection":[{"href":"https:\/\/jugendhilfe-team.de\/index.php?rest_route=\/wp\/v2\/pages"}],"about":[{"href":"https:\/\/jugendhilfe-team.de\/index.php?rest_route=\/wp\/v2\/types\/page"}],"author":[{"embeddable":true,"href":"https:\/\/jugendhilfe-team.de\/index.php?rest_route=\/wp\/v2\/users\/1"}],"replies":[{"embeddable":true,"href":"https:\/\/jugendhilfe-team.de\/index.php?rest_route=%2Fwp%2Fv2%2Fcomments&post=1681"}],"version-history":[{"count":0,"href":"https:\/\/jugendhilfe-team.de\/index.php?rest_route=\/wp\/v2\/pages\/1681\/revisions"}],"wp:attachment":[{"href":"https:\/\/jugendhilfe-team.de\/index.php?rest_route=%2Fwp%2Fv2%2Fmedia&parent=1681"}],"curies":[{"name":"wp","href":"https:\/\/api.w.org\/{rel}","templated":true}]}}