{"id":1688,"date":"2020-03-28T12:50:59","date_gmt":"2020-03-28T12:50:59","guid":{"rendered":"http:\/\/jugendhilfe-team.de\/?page_id=1688"},"modified":"2020-03-30T12:27:28","modified_gmt":"2020-03-30T12:27:28","slug":"systemische-familientherapie","status":"publish","type":"page","link":"https:\/\/jugendhilfe-team.de\/?page_id=1688","title":{"rendered":"Systemische Familientherapie"},"content":{"rendered":"<p>[et_pb_section fb_built=&#8220;1&#8243; _builder_version=&#8220;4.4.2&#8243; custom_padding=&#8220;10px||10px||false|false&#8220;][et_pb_row column_structure=&#8220;1_4,1_4,1_4,1_4&#8243; _builder_version=&#8220;4.4.2&#8243; width=&#8220;100%&#8220; max_width=&#8220;2560px&#8220; custom_margin=&#8220;-506px|auto||auto||&#8220; custom_padding=&#8220;|0px||0px|false|false&#8220;][et_pb_column type=&#8220;1_4&#8243; _builder_version=&#8220;4.4.2&#8243; custom_padding=&#8220;0px|0px|0px|0px|false|false&#8220;][et_pb_divider color=&#8220;#dd45e8&#8243; divider_weight=&#8220;11px&#8220; _builder_version=&#8220;4.4.2&#8243; custom_margin=&#8220;0px|0px|0px|0px|false|false&#8220; custom_padding=&#8220;0px|0px|0px|0px|false|false&#8220;][\/et_pb_divider][\/et_pb_column][et_pb_column type=&#8220;1_4&#8243; _builder_version=&#8220;4.4.2&#8243; custom_padding=&#8220;0px|0px|0px|0px|false|false&#8220;][et_pb_divider color=&#8220;#279cea&#8220; divider_weight=&#8220;12px&#8220; _builder_version=&#8220;4.4.2&#8243; custom_margin=&#8220;0px|0px|0px|0px|false|false&#8220; custom_padding=&#8220;0px|0px|0px|0px|false|false&#8220;][\/et_pb_divider][\/et_pb_column][et_pb_column type=&#8220;1_4&#8243; _builder_version=&#8220;4.4.2&#8243; custom_padding=&#8220;0px|0px|0px|0px|false|false&#8220;][et_pb_divider color=&#8220;#ef7a21&#8243; divider_weight=&#8220;12px&#8220; _builder_version=&#8220;4.4.2&#8243; custom_margin=&#8220;0px|0px|0px|0px|false|false&#8220; custom_padding=&#8220;0px|0px|0px|0px|false|false&#8220;][\/et_pb_divider][\/et_pb_column][et_pb_column type=&#8220;1_4&#8243; _builder_version=&#8220;4.4.2&#8243; custom_padding=&#8220;0px|0px|0px|0px|false|false&#8220;][et_pb_divider color=&#8220;#e02323&#8243; divider_weight=&#8220;12px&#8220; _builder_version=&#8220;4.4.2&#8243; custom_margin=&#8220;0px|0px|0px|0px|false|false&#8220; custom_padding=&#8220;0px|0px|0px|0px|false|false&#8220;][\/et_pb_divider][\/et_pb_column][\/et_pb_row][\/et_pb_section][et_pb_section fb_built=&#8220;1&#8243; fullwidth=&#8220;on&#8220; _builder_version=&#8220;4.4.2&#8243; custom_padding=&#8220;||||false|false&#8220;][et_pb_fullwidth_slider use_bg_overlay=&#8220;on&#8220; _builder_version=&#8220;4.4.2&#8243; max_height=&#8220;400px&#8220; custom_padding=&#8220;||341px|||&#8220; auto=&#8220;on&#8220; border_radii_image=&#8220;off|||10px|&#8220;][et_pb_slide use_bg_overlay=&#8220;off&#8220; use_text_overlay=&#8220;off&#8220; _builder_version=&#8220;4.4.2&#8243; background_image=&#8220;https:\/\/jugendhilfe-team.de\/wp-content\/uploads\/2020\/03\/JHT_Buero_01.jpg&#8220; background_enable_image=&#8220;on&#8220;][\/et_pb_slide][\/et_pb_fullwidth_slider][\/et_pb_section][et_pb_section fb_built=&#8220;1&#8243; fullwidth=&#8220;on&#8220; _builder_version=&#8220;4.4.2&#8243;][et_pb_fullwidth_image src=&#8220;https:\/\/jugendhilfe-team.de\/wp-content\/uploads\/2020\/03\/Divi_Divider.png&#8220; _builder_version=&#8220;4.4.2&#8243;][\/et_pb_fullwidth_image][\/et_pb_section][et_pb_section fb_built=&#8220;1&#8243; _builder_version=&#8220;4.4.2&#8243; custom_padding=&#8220;10px||10px||false|false&#8220;][et_pb_row column_structure=&#8220;1_4,3_4&#8243; _builder_version=&#8220;4.4.2&#8243; custom_margin=&#8220;|||30px|false|false&#8220;][et_pb_column type=&#8220;1_4&#8243; _builder_version=&#8220;4.4.2&#8243;][et_pb_image src=&#8220;https:\/\/jugendhilfe-team.de\/wp-content\/uploads\/2020\/03\/Syst_Familientherapie_Symbol.png&#8220; force_fullwidth=&#8220;on&#8220; _builder_version=&#8220;4.4.2&#8243; custom_padding=&#8220;0px||||false|false&#8220;][\/et_pb_image][\/et_pb_column][et_pb_column type=&#8220;3_4&#8243; _builder_version=&#8220;4.4.2&#8243;][et_pb_text _builder_version=&#8220;4.4.2&#8243; hover_enabled=&#8220;0&#8243; header_font=&#8220;Caveat||||||||&#8220; header_font_size=&#8220;40px&#8220; header_4_text_color=&#8220;#049300&#8243;]<\/p>\n<h4>\u201eJede St\u00f6rung hat einen Zweck!\u201c<strong><em><u> <\/u><\/em><\/strong><\/h4>\n<h1>Systemische Familientherapie<\/h1>\n<p>\u00a0W\u00e4hrend sich die systemische Beratung auf die L\u00f6sung allt\u00e4glicher Problemlagen konzentriert, hat die systemische Familientherapie die Heilung und Bearbeitung psychischer Probleme im Focus. Dabei gehen beide Methoden davon aus, dass Probleme und St\u00f6rungen nicht in einer einzelnen Person begr\u00fcndet sind, sondern als Folge einer St\u00f6rung im Umfeld (wie zum Beispiel der Familie), in dem sich die Person bewegt. Zun\u00e4chst geht es in der systemischen Familientherapie darum, mit Hilfe eines ressourcenorientierten Ansatzes und verschiedener Methoden, wie z.B. der Genogrammarbeit oder dem Zirkul\u00e4rem Fragen, Systeme gemeinsam genau zu betrachten und Belastungen und St\u00f6rungen eines Systems herauszuarbeiten. In weiteren Schritten sollen problematische Muster ver\u00e4ndert werden, um so psychische Belastungen l\u00f6sen zu k\u00f6nnen.<\/p>\n<p>Bei der Bearbeitung von psychischen Belastungen und St\u00f6rungen geht es aber auch um die Kl\u00e4rung der Frage, was durch eine St\u00f6rung bewirkt wird. Mit dem Wissen dar\u00fcber, welchen Zweck eine St\u00f6rung erf\u00fcllt, er\u00f6ffnet der\/ die Patient*in\/ Klient*in sich selbst neue Wege, diese St\u00f6rungen \u00fcberwinden zu k\u00f6nnen.<\/p>\n<p>&nbsp;<\/p>\n<p><span>\u00a0<\/span><\/p>\n<p>&nbsp;<\/p>\n<p>&nbsp;<\/p>\n<p>&nbsp;<\/p>\n<p><span>\u00a0<\/span><\/p>\n<p>[\/et_pb_text][\/et_pb_column][\/et_pb_row][\/et_pb_section][et_pb_section fb_built=&#8220;1&#8243; fullwidth=&#8220;on&#8220; _builder_version=&#8220;4.4.2&#8243;][et_pb_fullwidth_image src=&#8220;https:\/\/jugendhilfe-team.de\/wp-content\/uploads\/2020\/03\/Divi_Divider.png&#8220; _builder_version=&#8220;4.4.2&#8243;][\/et_pb_fullwidth_image][\/et_pb_section]<\/p>\n","protected":false},"excerpt":{"rendered":"<p>\u201eJede St\u00f6rung hat einen Zweck!\u201c Systemische Familientherapie \u00a0W\u00e4hrend sich die systemische Beratung auf die L\u00f6sung allt\u00e4glicher Problemlagen konzentriert, hat die systemische Familientherapie die Heilung und Bearbeitung psychischer Probleme im Focus. Dabei gehen beide Methoden davon aus, dass Probleme und St\u00f6rungen nicht in einer einzelnen Person begr\u00fcndet sind, sondern als Folge einer St\u00f6rung im Umfeld (wie [&hellip;]<\/p>\n","protected":false},"author":1,"featured_media":0,"parent":0,"menu_order":0,"comment_status":"closed","ping_status":"closed","template":"","meta":{"_et_pb_use_builder":"on","_et_pb_old_content":"","_et_gb_content_width":"","footnotes":""},"class_list":["post-1688","page","type-page","status-publish","hentry"],"_links":{"self":[{"href":"https:\/\/jugendhilfe-team.de\/index.php?rest_route=\/wp\/v2\/pages\/1688","targetHints":{"allow":["GET"]}}],"collection":[{"href":"https:\/\/jugendhilfe-team.de\/index.php?rest_route=\/wp\/v2\/pages"}],"about":[{"href":"https:\/\/jugendhilfe-team.de\/index.php?rest_route=\/wp\/v2\/types\/page"}],"author":[{"embeddable":true,"href":"https:\/\/jugendhilfe-team.de\/index.php?rest_route=\/wp\/v2\/users\/1"}],"replies":[{"embeddable":true,"href":"https:\/\/jugendhilfe-team.de\/index.php?rest_route=%2Fwp%2Fv2%2Fcomments&post=1688"}],"version-history":[{"count":0,"href":"https:\/\/jugendhilfe-team.de\/index.php?rest_route=\/wp\/v2\/pages\/1688\/revisions"}],"wp:attachment":[{"href":"https:\/\/jugendhilfe-team.de\/index.php?rest_route=%2Fwp%2Fv2%2Fmedia&parent=1688"}],"curies":[{"name":"wp","href":"https:\/\/api.w.org\/{rel}","templated":true}]}}