{"id":1700,"date":"2020-03-28T12:59:23","date_gmt":"2020-03-28T12:59:23","guid":{"rendered":"http:\/\/jugendhilfe-team.de\/?page_id=1700"},"modified":"2020-03-29T16:01:52","modified_gmt":"2020-03-29T16:01:52","slug":"verfahrensbeistandschaften","status":"publish","type":"page","link":"https:\/\/jugendhilfe-team.de\/?page_id=1700","title":{"rendered":"Verfahrensbeistandschaften"},"content":{"rendered":"<p>[et_pb_section fb_built=&#8220;1&#8243; _builder_version=&#8220;4.4.2&#8243; custom_padding=&#8220;10px||10px||false|false&#8220;][et_pb_row column_structure=&#8220;1_4,1_4,1_4,1_4&#8243; _builder_version=&#8220;4.4.2&#8243; width=&#8220;100%&#8220; max_width=&#8220;2560px&#8220; custom_margin=&#8220;-506px|auto||auto||&#8220; custom_padding=&#8220;|0px||0px|false|false&#8220;][et_pb_column type=&#8220;1_4&#8243; _builder_version=&#8220;4.4.2&#8243; custom_padding=&#8220;0px|0px|0px|0px|false|false&#8220;][et_pb_divider color=&#8220;#dd45e8&#8243; divider_weight=&#8220;11px&#8220; _builder_version=&#8220;4.4.2&#8243; custom_margin=&#8220;0px|0px|0px|0px|false|false&#8220; custom_padding=&#8220;0px|0px|0px|0px|false|false&#8220;][\/et_pb_divider][\/et_pb_column][et_pb_column type=&#8220;1_4&#8243; _builder_version=&#8220;4.4.2&#8243; custom_padding=&#8220;0px|0px|0px|0px|false|false&#8220;][et_pb_divider color=&#8220;#279cea&#8220; divider_weight=&#8220;12px&#8220; _builder_version=&#8220;4.4.2&#8243; custom_margin=&#8220;0px|0px|0px|0px|false|false&#8220; custom_padding=&#8220;0px|0px|0px|0px|false|false&#8220;][\/et_pb_divider][\/et_pb_column][et_pb_column type=&#8220;1_4&#8243; _builder_version=&#8220;4.4.2&#8243; custom_padding=&#8220;0px|0px|0px|0px|false|false&#8220;][et_pb_divider color=&#8220;#ef7a21&#8243; divider_weight=&#8220;12px&#8220; _builder_version=&#8220;4.4.2&#8243; custom_margin=&#8220;0px|0px|0px|0px|false|false&#8220; custom_padding=&#8220;0px|0px|0px|0px|false|false&#8220;][\/et_pb_divider][\/et_pb_column][et_pb_column type=&#8220;1_4&#8243; _builder_version=&#8220;4.4.2&#8243; custom_padding=&#8220;0px|0px|0px|0px|false|false&#8220;][et_pb_divider color=&#8220;#e02323&#8243; divider_weight=&#8220;12px&#8220; _builder_version=&#8220;4.4.2&#8243; custom_margin=&#8220;0px|0px|0px|0px|false|false&#8220; custom_padding=&#8220;0px|0px|0px|0px|false|false&#8220;][\/et_pb_divider][\/et_pb_column][\/et_pb_row][\/et_pb_section][et_pb_section fb_built=&#8220;1&#8243; fullwidth=&#8220;on&#8220; _builder_version=&#8220;4.4.2&#8243; custom_padding=&#8220;||||false|false&#8220;][et_pb_fullwidth_slider use_bg_overlay=&#8220;on&#8220; _builder_version=&#8220;4.4.2&#8243; max_height=&#8220;400px&#8220; custom_padding=&#8220;||341px|||&#8220; auto=&#8220;on&#8220; border_radii_image=&#8220;off|||10px|&#8220;][et_pb_slide _builder_version=&#8220;4.4.2&#8243; background_image=&#8220;https:\/\/jugendhilfe-team.de\/wp-content\/uploads\/2020\/03\/Slider_16.jpg&#8220; background_enable_image=&#8220;on&#8220;][\/et_pb_slide][\/et_pb_fullwidth_slider][\/et_pb_section][et_pb_section fb_built=&#8220;1&#8243; fullwidth=&#8220;on&#8220; _builder_version=&#8220;4.4.2&#8243;][et_pb_fullwidth_image src=&#8220;https:\/\/jugendhilfe-team.de\/wp-content\/uploads\/2020\/03\/Divi_Divider.png&#8220; _builder_version=&#8220;4.4.2&#8243;][\/et_pb_fullwidth_image][\/et_pb_section][et_pb_section fb_built=&#8220;1&#8243; _builder_version=&#8220;4.4.2&#8243; custom_padding=&#8220;10px||10px||false|false&#8220;][et_pb_row column_structure=&#8220;1_4,3_4&#8243; _builder_version=&#8220;4.4.2&#8243; custom_margin=&#8220;|||30px|false|false&#8220;][et_pb_column type=&#8220;1_4&#8243; _builder_version=&#8220;4.4.2&#8243;][et_pb_image src=&#8220;https:\/\/jugendhilfe-team.de\/wp-content\/uploads\/2020\/03\/Verfahrensbeistandschaften_Symbol.png&#8220; force_fullwidth=&#8220;on&#8220; _builder_version=&#8220;4.4.2&#8243; custom_padding=&#8220;0px||||false|false&#8220;][\/et_pb_image][\/et_pb_column][et_pb_column type=&#8220;3_4&#8243; _builder_version=&#8220;4.4.2&#8243;][et_pb_text _builder_version=&#8220;4.4.2&#8243; hover_enabled=&#8220;0&#8243;]<\/p>\n<h1>Verfahrensbeistandschaften<\/h1>\n<p>In Familiengerichtsverfahren geraten Kinder\/Jugendliche schnell in Loyalit\u00e4tskonflikte oder werden zu hilflosen \u201eStreitobjekten\u201c der Eltern oder anderer Verfahrensbeteiligter, so dass der Blick auf die jungen Menschen verloren zu gehen droht.<\/p>\n<p>In zivilrechtlichen Kindesschutzverfahren ist die Bestellung eines Verfahrensbeistandes vorgesehen. Dieser vertritt als Beteiligte*r im Verfahren die Interessen des Kindes und tr\u00e4gt somit zur richterlichen Entscheidung bei.<\/p>\n<p>&nbsp;<\/p>\n<h3>Gesetzliche Grundlage:<\/h3>\n<p>Nach \u00a7 158 Abs. 1 FamFG hat das Gericht dem minderj\u00e4hrigen Kind in Kindschaftssachen, die die Person des Kindes betreffen, einen geeigneten Verfahrensbeistand zu bestellen, soweit dies zur Wahrnehmung seiner Interessen erforderlich ist.<\/p>\n<p><strong>Nach \u00a7 158 Abs. 2 ist die Bestellung in der Regel erforderlich,<\/strong><\/p>\n<ol>\n<li>wenn das Interesse des Kindes zu dem seiner gesetzlichen Vertreter*innen in erheblichem Gegensatz steht,<\/li>\n<li>in Verfahren nach \u00a7\u00a7 1666 und 1666a BGB, wenn die teilweise oder vollst\u00e4ndige Entziehung der Personensorge in Betracht kommt,<\/li>\n<li>wenn eine Trennung des Kindes von der Person erfolgen soll, in deren Obhut es sich befindet,<\/li>\n<li>in Verfahren, die die Herausgabe des Kindes oder eine Verbleibensanordnung zum Gegenstand haben,<\/li>\n<li>oder wenn der Ausschluss oder eine wesentliche Beschr\u00e4nkung des Umgangsrechts in Betracht kommen.<\/li>\n<\/ol>\n<p>Der Verfahrensbeistand hat das subjektive Interesse des Kindes\/des Jugendlichen (Wille des Kindes), als auch das objektive Interesse des Kindes\/des Jugendlichen (Wohl des Kindes) festzustellen und in seiner Stellungnahme (schriftlich und\/oder m\u00fcndlich) zu vertreten.<\/p>\n<p>Der Verfahrensbeistand informiert das Kind\/den Jugendlichen in geeigneter Form \u00fcber den Gegenstand, den Ablauf und den m\u00f6glichen Ausgang des Verfahrens. Der Verfahrensbeistand nimmt an der Anh\u00f6rung und der m\u00f6glichen Kindesanh\u00f6rung teil und kann im Interesse des Kindes Rechtsmittel einlegen.<\/p>\n<p>[\/et_pb_text][\/et_pb_column][\/et_pb_row][\/et_pb_section][et_pb_section fb_built=&#8220;1&#8243; fullwidth=&#8220;on&#8220; _builder_version=&#8220;4.4.2&#8243;][et_pb_fullwidth_image src=&#8220;https:\/\/jugendhilfe-team.de\/wp-content\/uploads\/2020\/03\/Divi_Divider.png&#8220; _builder_version=&#8220;4.4.2&#8243;][\/et_pb_fullwidth_image][\/et_pb_section]<\/p>\n","protected":false},"excerpt":{"rendered":"<p>Verfahrensbeistandschaften In Familiengerichtsverfahren geraten Kinder\/Jugendliche schnell in Loyalit\u00e4tskonflikte oder werden zu hilflosen \u201eStreitobjekten\u201c der Eltern oder anderer Verfahrensbeteiligter, so dass der Blick auf die jungen Menschen verloren zu gehen droht. In zivilrechtlichen Kindesschutzverfahren ist die Bestellung eines Verfahrensbeistandes vorgesehen. Dieser vertritt als Beteiligte*r im Verfahren die Interessen des Kindes und tr\u00e4gt somit zur richterlichen Entscheidung [&hellip;]<\/p>\n","protected":false},"author":1,"featured_media":0,"parent":0,"menu_order":0,"comment_status":"closed","ping_status":"closed","template":"","meta":{"_et_pb_use_builder":"on","_et_pb_old_content":"","_et_gb_content_width":"","footnotes":""},"class_list":["post-1700","page","type-page","status-publish","hentry"],"_links":{"self":[{"href":"https:\/\/jugendhilfe-team.de\/index.php?rest_route=\/wp\/v2\/pages\/1700","targetHints":{"allow":["GET"]}}],"collection":[{"href":"https:\/\/jugendhilfe-team.de\/index.php?rest_route=\/wp\/v2\/pages"}],"about":[{"href":"https:\/\/jugendhilfe-team.de\/index.php?rest_route=\/wp\/v2\/types\/page"}],"author":[{"embeddable":true,"href":"https:\/\/jugendhilfe-team.de\/index.php?rest_route=\/wp\/v2\/users\/1"}],"replies":[{"embeddable":true,"href":"https:\/\/jugendhilfe-team.de\/index.php?rest_route=%2Fwp%2Fv2%2Fcomments&post=1700"}],"version-history":[{"count":0,"href":"https:\/\/jugendhilfe-team.de\/index.php?rest_route=\/wp\/v2\/pages\/1700\/revisions"}],"wp:attachment":[{"href":"https:\/\/jugendhilfe-team.de\/index.php?rest_route=%2Fwp%2Fv2%2Fmedia&parent=1700"}],"curies":[{"name":"wp","href":"https:\/\/api.w.org\/{rel}","templated":true}]}}